{"id":9346,"date":"2023-04-20T12:57:17","date_gmt":"2023-04-20T12:57:17","guid":{"rendered":"https:\/\/metonagroup.com\/?post_type=product&#038;p=9346"},"modified":"2023-04-20T13:04:26","modified_gmt":"2023-04-20T13:04:26","slug":"cd60","status":"publish","type":"product","link":"https:\/\/metonagroup.com\/index.php\/product\/cd60\/","title":{"rendered":"CD60"},"content":{"rendered":"<p><img loading=\"lazy\" decoding=\"async\" class=\"alignnone size-medium wp-image-9347 alignleft\" src=\"https:\/\/metonagroup.com\/wp-content\/uploads\/2023\/04\/CD60-tuf-300x300.jpg\" alt=\"\" width=\"300\" height=\"300\" srcset=\"https:\/\/metonagroup.com\/wp-content\/uploads\/2023\/04\/CD60-tuf-300x300.jpg 300w, https:\/\/metonagroup.com\/wp-content\/uploads\/2023\/04\/CD60-tuf-150x150.jpg 150w, https:\/\/metonagroup.com\/wp-content\/uploads\/2023\/04\/CD60-tuf-100x100.jpg 100w, https:\/\/metonagroup.com\/wp-content\/uploads\/2023\/04\/CD60-tuf.jpg 600w\" sizes=\"auto, (max-width: 300px) 100vw, 300px\" \/><\/p>\n<p>Profilat CD60 jan\u00eb profile metalike t\u00eb p\u00ebrdorura gjer\u00ebsisht n\u00eb nd\u00ebrtim p\u00ebr nd\u00ebrtimin e strukturave me drywall ose pluhur. Me nj\u00eb gjat\u00ebsi prej 60 mm, lart\u00ebsi prej 27 mm dhe trash\u00ebsi prej 0.5-0.6 mm, k\u00ebta profile jan\u00eb t\u00eb holl\u00eb por t\u00eb forta dhe t\u00eb rezistueshme ndaj presionit dhe p\u00ebrdorimit. Profilat CD60 jan\u00eb t\u00eb p\u00ebrshtatsh\u00ebm p\u00ebr nd\u00ebrtimin e mureve t\u00eb brendshme, tavaneve dhe strukturave t\u00eb tjera t\u00eb nd\u00ebrtimit n\u00eb ambiente t\u00eb ndryshme si banesa, zyra, dyqane, hotele, etj. Ata ofrojn\u00eb nj\u00eb zgjidhje t\u00eb shpejt\u00eb, t\u00eb leht\u00eb dhe ekonomike p\u00ebr nd\u00ebrtimin e strukturave t\u00eb drywall dhe krijojn\u00eb nj\u00eb baz\u00eb t\u00eb q\u00ebndrueshme p\u00ebr aplikimin e materialeve t\u00eb tjera nd\u00ebrtimore, si izolimi termik ose z\u00ebrie, duke krijuar nj\u00eb ambient t\u00eb p\u00ebrshtatsh\u00ebm dhe t\u00eb qet\u00eb p\u00ebr hap\u00ebsirat e brendshme. Profilat CD60 sigurojn\u00eb nj\u00eb nd\u00ebrtim t\u00eb rregullt dhe t\u00eb q\u00ebndruesh\u00ebm, duke krijuar nj\u00eb baz\u00eb t\u00eb fort\u00eb p\u00ebr krijimin e murit final ose tavaneve t\u00eb p\u00ebrfunduara me cil\u00ebsi t\u00eb lart\u00eb estetike.<\/p>\n","protected":false},"excerpt":{"rendered":"<p style=\"text-align: left;\">Me nj\u00eb gjat\u00ebsi prej 60 mm, lart\u00ebsi prej 27 mm dhe trash\u00ebsi prej 0.5-0.6 mm, k\u00ebta profile jan\u00eb t\u00eb holl\u00eb por t\u00eb forta dhe t\u00eb rezistueshme ndaj presionit dhe p\u00ebrdorimit.<\/p>\n<p><img loading=\"lazy\" decoding=\"async\" class=\"alignnone wp-image-9349 size-medium\" src=\"https:\/\/metonagroup.com\/wp-content\/uploads\/2023\/04\/CD60-skema-300x300.jpg\" alt=\"\" width=\"300\" height=\"300\" srcset=\"https:\/\/metonagroup.com\/wp-content\/uploads\/2023\/04\/CD60-skema-300x300.jpg 300w, https:\/\/metonagroup.com\/wp-content\/uploads\/2023\/04\/CD60-skema-150x150.jpg 150w, https:\/\/metonagroup.com\/wp-content\/uploads\/2023\/04\/CD60-skema-100x100.jpg 100w, https:\/\/metonagroup.com\/wp-content\/uploads\/2023\/04\/CD60-skema.jpg 600w\" sizes=\"auto, (max-width: 300px) 100vw, 300px\" \/><\/p>\n","protected":false},"featured_media":9348,"comment_status":"closed","ping_status":"closed","template":"","meta":[],"product_cat":[79],"product_tag":[80],"class_list":["post-9346","product","type-product","status-publish","has-post-thumbnail","hentry","product_cat-profile","product_tag-profile"],"_links":{"self":[{"href":"https:\/\/metonagroup.com\/index.php\/wp-json\/wp\/v2\/product\/9346","targetHints":{"allow":["GET"]}}],"collection":[{"href":"https:\/\/metonagroup.com\/index.php\/wp-json\/wp\/v2\/product"}],"about":[{"href":"https:\/\/metonagroup.com\/index.php\/wp-json\/wp\/v2\/types\/product"}],"replies":[{"embeddable":true,"href":"https:\/\/metonagroup.com\/index.php\/wp-json\/wp\/v2\/comments?post=9346"}],"wp:featuredmedia":[{"embeddable":true,"href":"https:\/\/metonagroup.com\/index.php\/wp-json\/wp\/v2\/media\/9348"}],"wp:attachment":[{"href":"https:\/\/metonagroup.com\/index.php\/wp-json\/wp\/v2\/media?parent=9346"}],"wp:term":[{"taxonomy":"product_cat","embeddable":true,"href":"https:\/\/metonagroup.com\/index.php\/wp-json\/wp\/v2\/product_cat?post=9346"},{"taxonomy":"product_tag","embeddable":true,"href":"https:\/\/metonagroup.com\/index.php\/wp-json\/wp\/v2\/product_tag?post=9346"}],"curies":[{"name":"wp","href":"https:\/\/api.w.org\/{rel}","templated":true}]}}