{"id":3374,"date":"2018-12-13T13:53:08","date_gmt":"2018-12-13T13:53:08","guid":{"rendered":"https:\/\/wilmer.qodeinteractive.com\/elementor\/?post_type=product&#038;p=3374"},"modified":"2023-04-20T12:56:38","modified_gmt":"2023-04-20T12:56:38","slug":"ud28","status":"publish","type":"product","link":"https:\/\/metonagroup.com\/index.php\/product\/ud28\/","title":{"rendered":"UD28"},"content":{"rendered":"<p><img loading=\"lazy\" decoding=\"async\" class=\"size-medium wp-image-9343 alignleft\" src=\"https:\/\/metonagroup.com\/wp-content\/uploads\/2018\/12\/UD28-tuf-300x300.jpg\" alt=\"\" width=\"300\" height=\"300\" srcset=\"https:\/\/metonagroup.com\/wp-content\/uploads\/2018\/12\/UD28-tuf-300x300.jpg 300w, https:\/\/metonagroup.com\/wp-content\/uploads\/2018\/12\/UD28-tuf-150x150.jpg 150w, https:\/\/metonagroup.com\/wp-content\/uploads\/2018\/12\/UD28-tuf-100x100.jpg 100w, https:\/\/metonagroup.com\/wp-content\/uploads\/2018\/12\/UD28-tuf.jpg 600w\" sizes=\"auto, (max-width: 300px) 100vw, 300px\" \/><\/p>\n<p>Profilat UD28 jan\u00eb profile metalike t\u00eb p\u00ebrdorura n\u00eb nd\u00ebrtim p\u00ebr instalimin e strukturave me drywall ose pluhur dhe p\u00ebrforcimit t\u00eb mureve. Me nj\u00eb gjat\u00ebsi prej 28 mm, lart\u00ebsi prej 27 mm dhe trash\u00ebsi prej 0.5-0.6 mm, k\u00ebta profile jan\u00eb t\u00eb holl\u00eb dhe t\u00eb leht\u00eb, por t\u00eb forta dhe t\u00eb rezistueshme ndaj presionit dhe p\u00ebrdorimit. Profilat UD28 jan\u00eb t\u00eb p\u00ebrshtatsh\u00ebm p\u00ebr p\u00ebrdorim n\u00eb ambiente t\u00eb ndryshme, si zyra, banesa, hotele dhe objekte t\u00eb tjera komerciale. Ata ofrojn\u00eb nj\u00eb zgjidhje t\u00eb shpejt\u00eb, t\u00eb leht\u00eb dhe ekonomike p\u00ebr instalimin e mureve t\u00eb brendshme dhe krijojn\u00eb nj\u00eb sip\u00ebrfaqe t\u00eb p\u00ebrfshir\u00eb t\u00ebr\u00ebsisht, me zero defekte dhe shk\u00ebputje.<\/p>\n","protected":false},"excerpt":{"rendered":"<p style=\"text-align: left;\">Me nj\u00eb gjat\u00ebsi prej 28 mm, lart\u00ebsi prej 27 mm dhe trash\u00ebsi prej 0.5-0.6 mm, k\u00ebta profile jan\u00eb t\u00eb holl\u00eb dhe t\u00eb leht\u00eb, por t\u00eb forta dhe t\u00eb rezistueshme ndaj presionit dhe p\u00ebrdorimit.<\/p>\n<p><img loading=\"lazy\" decoding=\"async\" class=\"size-medium wp-image-9345 alignleft\" src=\"https:\/\/metonagroup.com\/wp-content\/uploads\/2018\/12\/UD28-skema-300x300.jpg\" alt=\"\" width=\"300\" height=\"300\" srcset=\"https:\/\/metonagroup.com\/wp-content\/uploads\/2018\/12\/UD28-skema-300x300.jpg 300w, https:\/\/metonagroup.com\/wp-content\/uploads\/2018\/12\/UD28-skema-150x150.jpg 150w, https:\/\/metonagroup.com\/wp-content\/uploads\/2018\/12\/UD28-skema-100x100.jpg 100w, https:\/\/metonagroup.com\/wp-content\/uploads\/2018\/12\/UD28-skema.jpg 600w\" sizes=\"auto, (max-width: 300px) 100vw, 300px\" \/><\/p>\n","protected":false},"featured_media":9341,"comment_status":"closed","ping_status":"closed","template":"","meta":[],"product_cat":[79],"product_tag":[80],"class_list":["post-3374","product","type-product","status-publish","has-post-thumbnail","hentry","product_cat-profile","product_tag-profile"],"_links":{"self":[{"href":"https:\/\/metonagroup.com\/index.php\/wp-json\/wp\/v2\/product\/3374","targetHints":{"allow":["GET"]}}],"collection":[{"href":"https:\/\/metonagroup.com\/index.php\/wp-json\/wp\/v2\/product"}],"about":[{"href":"https:\/\/metonagroup.com\/index.php\/wp-json\/wp\/v2\/types\/product"}],"replies":[{"embeddable":true,"href":"https:\/\/metonagroup.com\/index.php\/wp-json\/wp\/v2\/comments?post=3374"}],"wp:featuredmedia":[{"embeddable":true,"href":"https:\/\/metonagroup.com\/index.php\/wp-json\/wp\/v2\/media\/9341"}],"wp:attachment":[{"href":"https:\/\/metonagroup.com\/index.php\/wp-json\/wp\/v2\/media?parent=3374"}],"wp:term":[{"taxonomy":"product_cat","embeddable":true,"href":"https:\/\/metonagroup.com\/index.php\/wp-json\/wp\/v2\/product_cat?post=3374"},{"taxonomy":"product_tag","embeddable":true,"href":"https:\/\/metonagroup.com\/index.php\/wp-json\/wp\/v2\/product_tag?post=3374"}],"curies":[{"name":"wp","href":"https:\/\/api.w.org\/{rel}","templated":true}]}}